{"id":25,"date":"2025-12-03T22:12:30","date_gmt":"2025-12-04T02:12:30","guid":{"rendered":"https:\/\/consffer.com.br\/?page_id=25"},"modified":"2025-12-10T19:38:49","modified_gmt":"2025-12-10T23:38:49","slug":"sobre","status":"publish","type":"page","link":"https:\/\/consffer.com.br\/?page_id=25","title":{"rendered":"Sobre"},"content":{"rendered":"\t\t<div data-elementor-type=\"wp-page\" data-elementor-id=\"25\" class=\"elementor elementor-25\" data-elementor-post-type=\"page\">\n\t\t\t\t<div class=\"elementor-element elementor-element-8ff957e e-flex e-con-boxed e-con e-parent\" data-id=\"8ff957e\" data-element_type=\"container\" data-e-type=\"container\">\n\t\t\t\t\t<div class=\"e-con-inner\">\n\t\t<div class=\"elementor-element elementor-element-d785ea5 e-con-full e-flex elementor-invisible e-con e-child\" data-id=\"d785ea5\" data-element_type=\"container\" data-e-type=\"container\" data-settings=\"{&quot;animation&quot;:&quot;slideInLeft&quot;}\">\n\t\t\t\t<div class=\"elementor-element elementor-element-e5b7af4 elementor-widget elementor-widget-heading\" data-id=\"e5b7af4\" data-element_type=\"widget\" data-e-type=\"widget\" data-widget_type=\"heading.default\">\n\t\t\t\t\t<h2 class=\"elementor-heading-title elementor-size-default\">QUEM SOMOS<\/h2>\t\t\t\t<\/div>\n\t\t\t\t<div class=\"elementor-element elementor-element-62f536c elementor-widget-divider--view-line elementor-widget elementor-widget-divider\" data-id=\"62f536c\" data-element_type=\"widget\" data-e-type=\"widget\" data-widget_type=\"divider.default\">\n\t\t\t\t\t\t\t<div class=\"elementor-divider\">\n\t\t\t<span class=\"elementor-divider-separator\">\n\t\t\t\t\t\t<\/span>\n\t\t<\/div>\n\t\t\t\t\t\t<\/div>\n\t\t\t\t<div class=\"elementor-element elementor-element-e7e794b elementor-widget elementor-widget-text-editor\" data-id=\"e7e794b\" data-element_type=\"widget\" data-e-type=\"widget\" data-widget_type=\"text-editor.default\">\n\t\t\t\t\t\t\t\t\t<p>A <strong>CONSFFER<\/strong> \u00e9 uma empresa especializada em Constru\u00e7\u00e3o Civil, Dedetiza\u00e7\u00e3o e Recursos Humanos, oferecendo solu\u00e7\u00f5es integradas para o setor p\u00fablico e privado. Com atua\u00e7\u00e3o em Manaus e Maring\u00e1, unimos experi\u00eancia em campo, gest\u00e3o eficiente e compromisso com prazos e resultados<\/p>\t\t\t\t\t\t\t\t<\/div>\n\t\t\t\t<\/div>\n\t\t<div class=\"elementor-element elementor-element-a3759ff e-con-full e-flex elementor-invisible e-con e-child\" data-id=\"a3759ff\" data-element_type=\"container\" data-e-type=\"container\" data-settings=\"{&quot;animation&quot;:&quot;slideInRight&quot;}\">\n\t\t\t\t<div class=\"elementor-element elementor-element-466b26b elementor-widget elementor-widget-image\" data-id=\"466b26b\" data-element_type=\"widget\" data-e-type=\"widget\" data-widget_type=\"image.default\">\n\t\t\t\t\t\t\t\t\t\t\t\t\t\t\t<img fetchpriority=\"high\" decoding=\"async\" width=\"800\" height=\"667\" src=\"https:\/\/consffer.com.br\/wp-content\/uploads\/2025\/12\/QUEM-SOMOS.png\" class=\"attachment-large size-large wp-image-350\" alt=\"\" srcset=\"https:\/\/consffer.com.br\/wp-content\/uploads\/2025\/12\/QUEM-SOMOS.png 960w, https:\/\/consffer.com.br\/wp-content\/uploads\/2025\/12\/QUEM-SOMOS-300x250.png 300w, https:\/\/consffer.com.br\/wp-content\/uploads\/2025\/12\/QUEM-SOMOS-768x640.png 768w\" sizes=\"(max-width: 800px) 100vw, 800px\" \/>\t\t\t\t\t\t\t\t\t\t\t\t\t\t\t<\/div>\n\t\t\t\t<\/div>\n\t\t\t\t\t<\/div>\n\t\t\t\t<\/div>\n\t\t<div class=\"elementor-element elementor-element-da75692 e-flex e-con-boxed elementor-invisible e-con e-parent\" data-id=\"da75692\" data-element_type=\"container\" data-e-type=\"container\" data-settings=\"{&quot;animation&quot;:&quot;slideInUp&quot;}\">\n\t\t\t\t\t<div class=\"e-con-inner\">\n\t\t<div class=\"elementor-element elementor-element-43ba1f8 e-con-full e-flex e-con e-child\" data-id=\"43ba1f8\" data-element_type=\"container\" data-e-type=\"container\">\n\t\t\t\t<div class=\"elementor-element elementor-element-3879db8 elementor-widget elementor-widget-image\" data-id=\"3879db8\" data-element_type=\"widget\" data-e-type=\"widget\" data-widget_type=\"image.default\">\n\t\t\t\t\t\t\t\t\t\t\t\t\t\t\t<img decoding=\"async\" width=\"800\" height=\"667\" src=\"https:\/\/consffer.com.br\/wp-content\/uploads\/2025\/12\/MISSAO-VISAO-E-VALORES.png\" class=\"attachment-large size-large wp-image-364\" alt=\"\" srcset=\"https:\/\/consffer.com.br\/wp-content\/uploads\/2025\/12\/MISSAO-VISAO-E-VALORES.png 960w, https:\/\/consffer.com.br\/wp-content\/uploads\/2025\/12\/MISSAO-VISAO-E-VALORES-300x250.png 300w, https:\/\/consffer.com.br\/wp-content\/uploads\/2025\/12\/MISSAO-VISAO-E-VALORES-768x640.png 768w\" sizes=\"(max-width: 800px) 100vw, 800px\" \/>\t\t\t\t\t\t\t\t\t\t\t\t\t\t\t<\/div>\n\t\t\t\t<\/div>\n\t\t<div class=\"elementor-element elementor-element-0bd34f2 e-con-full e-flex e-con e-child\" data-id=\"0bd34f2\" data-element_type=\"container\" data-e-type=\"container\">\n\t\t<div class=\"elementor-element elementor-element-4093101 e-con-full e-flex e-con e-child\" data-id=\"4093101\" data-element_type=\"container\" data-e-type=\"container\">\n\t\t\t\t<div class=\"elementor-element elementor-element-0f12f8a elementor-widget elementor-widget-heading\" data-id=\"0f12f8a\" data-element_type=\"widget\" data-e-type=\"widget\" data-widget_type=\"heading.default\">\n\t\t\t\t\t<h2 class=\"elementor-heading-title elementor-size-default\">MISS\u00c3O<\/h2>\t\t\t\t<\/div>\n\t\t\t\t<div class=\"elementor-element elementor-element-1b38bd9 elementor-widget-divider--view-line elementor-widget elementor-widget-divider\" data-id=\"1b38bd9\" data-element_type=\"widget\" data-e-type=\"widget\" data-widget_type=\"divider.default\">\n\t\t\t\t\t\t\t<div class=\"elementor-divider\">\n\t\t\t<span class=\"elementor-divider-separator\">\n\t\t\t\t\t\t<\/span>\n\t\t<\/div>\n\t\t\t\t\t\t<\/div>\n\t\t\t\t<div class=\"elementor-element elementor-element-7e89141 elementor-widget elementor-widget-text-editor\" data-id=\"7e89141\" data-element_type=\"widget\" data-e-type=\"widget\" data-widget_type=\"text-editor.default\">\n\t\t\t\t\t\t\t\t\t<p>Entregar solu\u00e7\u00f5es seguras, eficientes e sustent\u00e1veis.<\/p>\t\t\t\t\t\t\t\t<\/div>\n\t\t\t\t<\/div>\n\t\t<div class=\"elementor-element elementor-element-025ce4d e-con-full e-flex e-con e-child\" data-id=\"025ce4d\" data-element_type=\"container\" data-e-type=\"container\">\n\t\t\t\t<div class=\"elementor-element elementor-element-332db23 elementor-widget elementor-widget-heading\" data-id=\"332db23\" data-element_type=\"widget\" data-e-type=\"widget\" data-widget_type=\"heading.default\">\n\t\t\t\t\t<h2 class=\"elementor-heading-title elementor-size-default\">VIS\u00c3O<\/h2>\t\t\t\t<\/div>\n\t\t\t\t<div class=\"elementor-element elementor-element-a2cafb2 elementor-widget-divider--view-line elementor-widget elementor-widget-divider\" data-id=\"a2cafb2\" data-element_type=\"widget\" data-e-type=\"widget\" data-widget_type=\"divider.default\">\n\t\t\t\t\t\t\t<div class=\"elementor-divider\">\n\t\t\t<span class=\"elementor-divider-separator\">\n\t\t\t\t\t\t<\/span>\n\t\t<\/div>\n\t\t\t\t\t\t<\/div>\n\t\t\t\t<div class=\"elementor-element elementor-element-0eaf193 elementor-widget elementor-widget-text-editor\" data-id=\"0eaf193\" data-element_type=\"widget\" data-e-type=\"widget\" data-widget_type=\"text-editor.default\">\n\t\t\t\t\t\t\t\t\t<p>Ser refer\u00eancia nas regi\u00f5es Norte e Sul em multisservi\u00e7os para empresas e \u00f3rg\u00e3os p\u00fablicos<\/p>\t\t\t\t\t\t\t\t<\/div>\n\t\t\t\t<\/div>\n\t\t<div class=\"elementor-element elementor-element-6842de1 e-con-full e-flex e-con e-child\" data-id=\"6842de1\" data-element_type=\"container\" data-e-type=\"container\">\n\t\t\t\t<div class=\"elementor-element elementor-element-59a0cab elementor-widget elementor-widget-heading\" data-id=\"59a0cab\" data-element_type=\"widget\" data-e-type=\"widget\" data-widget_type=\"heading.default\">\n\t\t\t\t\t<h2 class=\"elementor-heading-title elementor-size-default\">VALORES<\/h2>\t\t\t\t<\/div>\n\t\t\t\t<div class=\"elementor-element elementor-element-df23bdd elementor-widget-divider--view-line elementor-widget elementor-widget-divider\" data-id=\"df23bdd\" data-element_type=\"widget\" data-e-type=\"widget\" data-widget_type=\"divider.default\">\n\t\t\t\t\t\t\t<div class=\"elementor-divider\">\n\t\t\t<span class=\"elementor-divider-separator\">\n\t\t\t\t\t\t<\/span>\n\t\t<\/div>\n\t\t\t\t\t\t<\/div>\n\t\t\t\t<div class=\"elementor-element elementor-element-eb6976d elementor-widget elementor-widget-text-editor\" data-id=\"eb6976d\" data-element_type=\"widget\" data-e-type=\"widget\" data-widget_type=\"text-editor.default\">\n\t\t\t\t\t\t\t\t\t<p>\u00c9tica, seguran\u00e7a, respeito \u00e0s pessoas, responsabilidade com o dinheiro p\u00fablico.<\/p>\t\t\t\t\t\t\t\t<\/div>\n\t\t\t\t<\/div>\n\t\t\t\t<\/div>\n\t\t\t\t\t<\/div>\n\t\t\t\t<\/div>\n\t\t<div class=\"elementor-element elementor-element-5f42f10 e-flex e-con-boxed elementor-invisible e-con e-parent\" data-id=\"5f42f10\" data-element_type=\"container\" data-e-type=\"container\" data-settings=\"{&quot;animation&quot;:&quot;slideInDown&quot;}\">\n\t\t\t\t\t<div class=\"e-con-inner\">\n\t\t<div class=\"elementor-element elementor-element-43922c9 e-con-full e-flex e-con e-child\" data-id=\"43922c9\" data-element_type=\"container\" data-e-type=\"container\">\n\t\t\t\t<div class=\"elementor-element elementor-element-bfd6fa0 elementor-widget elementor-widget-image\" data-id=\"bfd6fa0\" data-element_type=\"widget\" data-e-type=\"widget\" data-widget_type=\"image.default\">\n\t\t\t\t\t\t\t\t\t\t\t\t\t\t\t<img decoding=\"async\" width=\"800\" height=\"667\" src=\"https:\/\/consffer.com.br\/wp-content\/uploads\/2025\/12\/TIME-LINE-1.png\" class=\"attachment-large size-large wp-image-372\" alt=\"\" srcset=\"https:\/\/consffer.com.br\/wp-content\/uploads\/2025\/12\/TIME-LINE-1.png 960w, https:\/\/consffer.com.br\/wp-content\/uploads\/2025\/12\/TIME-LINE-1-300x250.png 300w, https:\/\/consffer.com.br\/wp-content\/uploads\/2025\/12\/TIME-LINE-1-768x640.png 768w\" sizes=\"(max-width: 800px) 100vw, 800px\" \/>\t\t\t\t\t\t\t\t\t\t\t\t\t\t\t<\/div>\n\t\t\t\t<\/div>\n\t\t<div class=\"elementor-element elementor-element-5011ddd e-con-full e-flex e-con e-child\" data-id=\"5011ddd\" data-element_type=\"container\" data-e-type=\"container\">\n\t\t\t\t<div class=\"elementor-element elementor-element-542e04b elementor-widget elementor-widget-image\" data-id=\"542e04b\" data-element_type=\"widget\" data-e-type=\"widget\" data-widget_type=\"image.default\">\n\t\t\t\t\t\t\t\t\t\t\t\t\t\t\t<img loading=\"lazy\" decoding=\"async\" width=\"800\" height=\"667\" src=\"https:\/\/consffer.com.br\/wp-content\/uploads\/2025\/12\/TIME-LINE-2.png\" class=\"attachment-large size-large wp-image-373\" alt=\"\" srcset=\"https:\/\/consffer.com.br\/wp-content\/uploads\/2025\/12\/TIME-LINE-2.png 960w, https:\/\/consffer.com.br\/wp-content\/uploads\/2025\/12\/TIME-LINE-2-300x250.png 300w, https:\/\/consffer.com.br\/wp-content\/uploads\/2025\/12\/TIME-LINE-2-768x640.png 768w\" sizes=\"(max-width: 800px) 100vw, 800px\" \/>\t\t\t\t\t\t\t\t\t\t\t\t\t\t\t<\/div>\n\t\t\t\t<\/div>\n\t\t\t\t\t<\/div>\n\t\t\t\t<\/div>\n\t\t<div class=\"elementor-element elementor-element-3dcf029 e-flex e-con-boxed e-con e-parent\" data-id=\"3dcf029\" data-element_type=\"container\" data-e-type=\"container\">\n\t\t\t\t\t<div class=\"e-con-inner\">\n\t\t<div class=\"elementor-element elementor-element-b96269b e-con-full e-flex e-con e-child\" data-id=\"b96269b\" data-element_type=\"container\" data-e-type=\"container\">\n\t\t\t\t<div class=\"elementor-element elementor-element-e08c049 elementor-widget elementor-widget-image\" data-id=\"e08c049\" data-element_type=\"widget\" data-e-type=\"widget\" data-widget_type=\"image.default\">\n\t\t\t\t\t\t\t\t\t\t\t\t\t\t\t<img loading=\"lazy\" decoding=\"async\" width=\"800\" height=\"667\" src=\"https:\/\/consffer.com.br\/wp-content\/uploads\/2025\/12\/NOSSOS-DIFERENCIAIS-1.png\" class=\"attachment-large size-large wp-image-381\" alt=\"\" srcset=\"https:\/\/consffer.com.br\/wp-content\/uploads\/2025\/12\/NOSSOS-DIFERENCIAIS-1.png 960w, https:\/\/consffer.com.br\/wp-content\/uploads\/2025\/12\/NOSSOS-DIFERENCIAIS-1-300x250.png 300w, https:\/\/consffer.com.br\/wp-content\/uploads\/2025\/12\/NOSSOS-DIFERENCIAIS-1-768x640.png 768w\" sizes=\"(max-width: 800px) 100vw, 800px\" \/>\t\t\t\t\t\t\t\t\t\t\t\t\t\t\t<\/div>\n\t\t\t\t<\/div>\n\t\t<div class=\"elementor-element elementor-element-a4d9364 e-con-full e-flex e-con e-child\" data-id=\"a4d9364\" data-element_type=\"container\" data-e-type=\"container\">\n\t\t<div class=\"elementor-element elementor-element-25bb767 e-con-full e-flex e-con e-child\" data-id=\"25bb767\" data-element_type=\"container\" data-e-type=\"container\">\n\t\t\t\t<div class=\"elementor-element elementor-element-69a3a40 elementor-widget elementor-widget-progress\" data-id=\"69a3a40\" data-element_type=\"widget\" data-e-type=\"widget\" data-widget_type=\"progress.default\">\n\t\t\t\t\t\t\t\t<span class=\"elementor-title\" id=\"elementor-progress-bar-69a3a40\">\n\t\t\t\tEQUIPES\t\t\t<\/span>\n\t\t\n\t\t<div aria-labelledby=\"elementor-progress-bar-69a3a40\" class=\"elementor-progress-wrapper\" role=\"progressbar\" aria-valuemin=\"0\" aria-valuemax=\"100\" aria-valuenow=\"90\" aria-valuetext=\"90% (QUALIFICADA E TREINADA)\">\n\t\t\t<div class=\"elementor-progress-bar\" data-max=\"90\">\n\t\t\t\t<span class=\"elementor-progress-text\">QUALIFICADA E TREINADA<\/span>\n\t\t\t\t\t\t\t<\/div>\n\t\t<\/div>\n\t\t\t\t\t\t<\/div>\n\t\t\t\t<div class=\"elementor-element elementor-element-6dd383a elementor-widget elementor-widget-progress\" data-id=\"6dd383a\" data-element_type=\"widget\" data-e-type=\"widget\" data-widget_type=\"progress.default\">\n\t\t\t\t\t\t\t\t<span class=\"elementor-title\" id=\"elementor-progress-bar-6dd383a\">\n\t\t\t\tCOMPLIANCE\t\t\t<\/span>\n\t\t\n\t\t<div aria-labelledby=\"elementor-progress-bar-6dd383a\" class=\"elementor-progress-wrapper\" role=\"progressbar\" aria-valuemin=\"0\" aria-valuemax=\"100\" aria-valuenow=\"80\" aria-valuetext=\"80% (DOCUMENTA\u00c7\u00c3O E PROCESSOS ATUALIZADOS)\">\n\t\t\t<div class=\"elementor-progress-bar\" data-max=\"80\">\n\t\t\t\t<span class=\"elementor-progress-text\">DOCUMENTA\u00c7\u00c3O E PROCESSOS ATUALIZADOS<\/span>\n\t\t\t\t\t\t\t<\/div>\n\t\t<\/div>\n\t\t\t\t\t\t<\/div>\n\t\t\t\t<div class=\"elementor-element elementor-element-af2734a elementor-widget elementor-widget-progress\" data-id=\"af2734a\" data-element_type=\"widget\" data-e-type=\"widget\" data-widget_type=\"progress.default\">\n\t\t\t\t\t\t\t\t<span class=\"elementor-title\" id=\"elementor-progress-bar-af2734a\">\n\t\t\t\tINFRAESTRUTURA\t\t\t<\/span>\n\t\t\n\t\t<div aria-labelledby=\"elementor-progress-bar-af2734a\" class=\"elementor-progress-wrapper\" role=\"progressbar\" aria-valuemin=\"0\" aria-valuemax=\"100\" aria-valuenow=\"90\" aria-valuetext=\"90% (FILIAIS F\u00cdSICAS COMPLEAS E EQUIPADAS)\">\n\t\t\t<div class=\"elementor-progress-bar\" data-max=\"90\">\n\t\t\t\t<span class=\"elementor-progress-text\">FILIAIS F\u00cdSICAS COMPLEAS E EQUIPADAS<\/span>\n\t\t\t\t\t\t\t<\/div>\n\t\t<\/div>\n\t\t\t\t\t\t<\/div>\n\t\t\t\t<div class=\"elementor-element elementor-element-777b54b elementor-widget elementor-widget-progress\" data-id=\"777b54b\" data-element_type=\"widget\" data-e-type=\"widget\" data-widget_type=\"progress.default\">\n\t\t\t\t\t\t\t\t<span class=\"elementor-title\" id=\"elementor-progress-bar-777b54b\">\n\t\t\t\tATENDIMENTO AO CLIENTE\t\t\t<\/span>\n\t\t\n\t\t<div aria-labelledby=\"elementor-progress-bar-777b54b\" class=\"elementor-progress-wrapper\" role=\"progressbar\" aria-valuemin=\"0\" aria-valuemax=\"100\" aria-valuenow=\"80\" aria-valuetext=\"80% (CORPO T\u00c9CNICO ESPECIALIZADO)\">\n\t\t\t<div class=\"elementor-progress-bar\" data-max=\"80\">\n\t\t\t\t<span class=\"elementor-progress-text\">CORPO T\u00c9CNICO ESPECIALIZADO<\/span>\n\t\t\t\t\t\t\t<\/div>\n\t\t<\/div>\n\t\t\t\t\t\t<\/div>\n\t\t\t\t<\/div>\n\t\t\t\t<\/div>\n\t\t\t\t\t<\/div>\n\t\t\t\t<\/div>\n\t\t\t\t<\/div>\n\t\t","protected":false},"excerpt":{"rendered":"<p>QUEM SOMOS A CONSFFER \u00e9 uma empresa especializada em Constru\u00e7\u00e3o Civil, Dedetiza\u00e7\u00e3o e Recursos Humanos, oferecendo solu\u00e7\u00f5es integradas para o setor p\u00fablico e privado. Com atua\u00e7\u00e3o em Manaus e Maring\u00e1, unimos experi\u00eancia em campo, gest\u00e3o eficiente e compromisso com prazos e resultados MISS\u00c3O Entregar solu\u00e7\u00f5es seguras, eficientes e sustent\u00e1veis. VIS\u00c3O Ser refer\u00eancia nas regi\u00f5es Norte [&hellip;]<\/p>\n","protected":false},"author":1,"featured_media":0,"parent":0,"menu_order":0,"comment_status":"closed","ping_status":"closed","template":"elementor_header_footer","meta":{"footnotes":""},"class_list":["post-25","page","type-page","status-publish","hentry"],"_links":{"self":[{"href":"https:\/\/consffer.com.br\/index.php?rest_route=\/wp\/v2\/pages\/25","targetHints":{"allow":["GET"]}}],"collection":[{"href":"https:\/\/consffer.com.br\/index.php?rest_route=\/wp\/v2\/pages"}],"about":[{"href":"https:\/\/consffer.com.br\/index.php?rest_route=\/wp\/v2\/types\/page"}],"author":[{"embeddable":true,"href":"https:\/\/consffer.com.br\/index.php?rest_route=\/wp\/v2\/users\/1"}],"replies":[{"embeddable":true,"href":"https:\/\/consffer.com.br\/index.php?rest_route=%2Fwp%2Fv2%2Fcomments&post=25"}],"version-history":[{"count":31,"href":"https:\/\/consffer.com.br\/index.php?rest_route=\/wp\/v2\/pages\/25\/revisions"}],"predecessor-version":[{"id":385,"href":"https:\/\/consffer.com.br\/index.php?rest_route=\/wp\/v2\/pages\/25\/revisions\/385"}],"wp:attachment":[{"href":"https:\/\/consffer.com.br\/index.php?rest_route=%2Fwp%2Fv2%2Fmedia&parent=25"}],"curies":[{"name":"wp","href":"https:\/\/api.w.org\/{rel}","templated":true}]}}